{"id":51,"date":"2016-04-03T20:09:51","date_gmt":"2016-04-03T23:09:51","guid":{"rendered":"http:\/\/ssbb.ch\/?page_id=51"},"modified":"2016-04-03T20:20:43","modified_gmt":"2016-04-03T23:20:43","slug":"autor","status":"publish","type":"page","link":"https:\/\/ssbb.ch\/index.php\/a-saga-dos-suicos-no-brasil-4\/autor\/","title":{"rendered":"Autor"},"content":{"rendered":"<p><img loading=\"lazy\" decoding=\"async\" class=\"alignnone size-full wp-image-56 aligncenter\" src=\"http:\/\/ssbb.ch\/wp-content\/uploads\/2016\/04\/capa.jpg\" alt=\"capa\" width=\"98\" height=\"128\" \/><\/p>\n<p>O autor da obra,\u00a0<strong>Prof. Waldir Freitas Oliveira\u00a0<\/strong>(*17 de fevereiro de 1927)<strong>,<\/strong>\u00a0bacharel em Direito e em Geografia e Hist\u00f3ria, ambas pela Universidade Federal da Bahia, e p\u00f3s-graduado em Geografia Humana e Econ\u00f4mica pela Universidade de Estrasburgo, Fran\u00e7a, durante muitos anos exerceu o Magist\u00e9rio, como professor de Geografia Geral e do Brasil do ensino secund\u00e1rio no estado da Bahia e no Col\u00e9gio Militar de Salvador. Foi tamb\u00e9m Professor Adjunto do Departamento de Geografia do Instituto de Geoci\u00eancias e do Departamento de Hist\u00f3ria da Faculdade de Filosofia e Ci\u00eancias Humanas e Diretor do Centro de Estudos Afro-Orientais, da Universidade Federal da Bahia &#8211; UFBA.<br \/>\nAl\u00e9m de participar ativamente com artigos de cunho liter\u00e1rio e publica\u00e7\u00f5es em jornais e revistas, \u00e9 autor de dezenas de obras liter\u00e1rias.<\/p>\n","protected":false},"excerpt":{"rendered":"<p>O autor da obra,\u00a0Prof. Waldir Freitas Oliveira\u00a0(*17 de fevereiro de 1927),\u00a0bacharel em Direito e em Geografia e Hist\u00f3ria, ambas pela Universidade Federal da Bahia, e p\u00f3s-graduado em Geografia Humana e Econ\u00f4mica pela Universidade de Estrasburgo, Fran\u00e7a, durante muitos anos exerceu o Magist\u00e9rio, como professor de Geografia Geral e do Brasil do ensino secund\u00e1rio no estado <a class=\"read-more\" href=\"https:\/\/ssbb.ch\/index.php\/a-saga-dos-suicos-no-brasil-4\/autor\/\">[&hellip;]<\/a><\/p>\n","protected":false},"author":2,"featured_media":0,"parent":47,"menu_order":0,"comment_status":"closed","ping_status":"closed","template":"","meta":{"footnotes":""},"class_list":["post-51","page","type-page","status-publish","hentry"],"_links":{"self":[{"href":"https:\/\/ssbb.ch\/index.php\/wp-json\/wp\/v2\/pages\/51","targetHints":{"allow":["GET"]}}],"collection":[{"href":"https:\/\/ssbb.ch\/index.php\/wp-json\/wp\/v2\/pages"}],"about":[{"href":"https:\/\/ssbb.ch\/index.php\/wp-json\/wp\/v2\/types\/page"}],"author":[{"embeddable":true,"href":"https:\/\/ssbb.ch\/index.php\/wp-json\/wp\/v2\/users\/2"}],"replies":[{"embeddable":true,"href":"https:\/\/ssbb.ch\/index.php\/wp-json\/wp\/v2\/comments?post=51"}],"version-history":[{"count":2,"href":"https:\/\/ssbb.ch\/index.php\/wp-json\/wp\/v2\/pages\/51\/revisions"}],"predecessor-version":[{"id":61,"href":"https:\/\/ssbb.ch\/index.php\/wp-json\/wp\/v2\/pages\/51\/revisions\/61"}],"up":[{"embeddable":true,"href":"https:\/\/ssbb.ch\/index.php\/wp-json\/wp\/v2\/pages\/47"}],"wp:attachment":[{"href":"https:\/\/ssbb.ch\/index.php\/wp-json\/wp\/v2\/media?parent=51"}],"curies":[{"name":"wp","href":"https:\/\/api.w.org\/{rel}","templated":true}]}}