{"id":15,"date":"2016-04-03T13:58:58","date_gmt":"2016-04-03T18:58:58","guid":{"rendered":"http:\/\/ssbb.ch\/?page_id=15"},"modified":"2016-04-03T20:25:58","modified_gmt":"2016-04-03T23:25:58","slug":"historico","status":"publish","type":"page","link":"https:\/\/ssbb.ch\/index.php\/historico\/","title":{"rendered":"Hist\u00f3rico da SSBB"},"content":{"rendered":"<p><strong>Breve hist\u00f3rico da SSBB<\/strong><\/p>\n<p>A\u00a0<strong>1\u00ba de julho de 1843<\/strong>, foi fundada e instalada no consulado da Su\u00ed\u00e7a na Bahia uma Caixa de Socorro destinada a atender cidad\u00e3os su\u00ed\u00e7os necessitados.<\/p>\n<p>Tal Caixa de Socorro cumpriu suas fun\u00e7\u00f5es durante cerca de quinze anos, tendo depois se transformado na \u201cSociedade Su\u00ed\u00e7a de Benefic\u00eancia\u201d, por decis\u00e3o tomada, a\u00a0<strong>28 de novembro de 1857<\/strong>, pelos que a integravam, em assembl\u00e9ia realizada num dos sal\u00f5es do Solar do Unh\u00e3o.<\/p>\n<p>Em\u00a0<strong>janeiro de 1861<\/strong>, face \u00e0s exig\u00eancias do Imp\u00e9rio, decidiu a \u201cSociedade\u201d enquadrar-se \u00e0s normas prescritas pela legisla\u00e7\u00e3o brasileira referente a associa\u00e7\u00f5es de benefic\u00eancia, sendo providenciada, nessa ocasi\u00e3o, a tradu\u00e7\u00e3o para o portugu\u00eas, dos seus estatutos e solicitado seu reconhecimento pelas autoridades do pa\u00eds; e a\u00a0<strong>11 de junho de 1861<\/strong>, o presidente da Prov\u00edncia da Bahia, Jos\u00e9 Augusto Chaves, sancionou o decreto atrav\u00e9s do qual foi autorizado o funcionamento da Sociedade Su\u00ed\u00e7a de Benefic\u00eancia na Bahia.<\/p>\n<p>Dispunha a Sociedade Su\u00ed\u00e7a de Benefic\u00eancia, em\u00a0<strong>1928<\/strong>, de um capital de 113:400$000, dos quais 45 contos de r\u00e9is depositados em bancos baianos e 68:400$000 em bancos su\u00ed\u00e7os. Contava, nessa ocasi\u00e3o, com 70 s\u00f3cios contribuintes; coexistindo com dois fundos especiais \u2013 o fundo Neeser, originado da venda de um terreno doado por Carlos Neeser, para a constru\u00e7\u00e3o de sua sede social, projeto que foi considerado irrealiz\u00e1vel, e o Fundo Groebli, resultante de um legado feito por testamento, por Arthur Groebli, falecido, na Bahia, em\u00a0<strong>1931<\/strong>, fielmente cumprido por seus herdeiros; havendo sido ambos destinados, por decis\u00e3o tomada por seus administradores, a servir de subs\u00eddio para a educa\u00e7\u00e3o de descendentes de su\u00ed\u00e7os necessitados.<\/p>\n<p>Em fevereiro de\u00a0<strong>1943<\/strong>, comemorando os cem anos da funda\u00e7\u00e3o da Caixa do Socorro, da qual se originou a SSBB, escreveu Hermann Neeser, a seu respeito, uma pequena mem\u00f3ria; tendo-a conclu\u00eddo com as seguintes palavras \u2013 \u201cFazer o bem e auxiliar os infortunados da sorte \u00e9 o lema da Sociedade Su\u00ed\u00e7a de Benefic\u00eancia; rogamos \u00e0 Divina Provid\u00eancia que nos favore\u00e7a com sua merc\u00ea para continuarmos esta obra humanit\u00e1ria e caridosa enquanto ainda existirem infelizes que care\u00e7am de socorro e amparo\u201d.<\/p>\n<p>Em\u00a0<strong>2004<\/strong>, a Sociedade Su\u00ed\u00e7a de Benefic\u00eancia da Bahia compra com o dinheiro dos fundos na Su\u00ed\u00e7a uma casa na Rua Agnelo Brito 31, Federa\u00e7\u00e3o, para instalar sua sede social.<\/p>\n<p>No dia 7<strong>\u00a0de abril 2006<\/strong>\u00a0a Sociedade Su\u00ed\u00e7a de Benefic\u00eancia da Bahia inaugura a Casa Su\u00ed\u00e7a e publica\u00a0em <strong>2007<\/strong>\u00a0 o livro\u00a0\u201cA Saga dos Su\u00ed\u00e7os no Brasil\u201d.<\/p>\n<p>&nbsp;<\/p>\n<p><a href=\"http:\/\/ssbb.ch\/wp-content\/uploads\/2016\/04\/estatuto.pdf\" rel=\"\">Estatuto da SSBB<\/a><\/p>\n","protected":false},"excerpt":{"rendered":"<p>Breve hist\u00f3rico da SSBB A\u00a01\u00ba de julho de 1843, foi fundada e instalada no consulado da Su\u00ed\u00e7a na Bahia uma Caixa de Socorro destinada a atender cidad\u00e3os su\u00ed\u00e7os necessitados. Tal Caixa de Socorro cumpriu suas fun\u00e7\u00f5es durante cerca de quinze anos, tendo depois se transformado na \u201cSociedade Su\u00ed\u00e7a de Benefic\u00eancia\u201d, por decis\u00e3o tomada, a\u00a028 de <a class=\"read-more\" href=\"https:\/\/ssbb.ch\/index.php\/historico\/\">[&hellip;]<\/a><\/p>\n","protected":false},"author":2,"featured_media":0,"parent":0,"menu_order":0,"comment_status":"closed","ping_status":"closed","template":"","meta":{"footnotes":""},"class_list":["post-15","page","type-page","status-publish","hentry"],"_links":{"self":[{"href":"https:\/\/ssbb.ch\/index.php\/wp-json\/wp\/v2\/pages\/15","targetHints":{"allow":["GET"]}}],"collection":[{"href":"https:\/\/ssbb.ch\/index.php\/wp-json\/wp\/v2\/pages"}],"about":[{"href":"https:\/\/ssbb.ch\/index.php\/wp-json\/wp\/v2\/types\/page"}],"author":[{"embeddable":true,"href":"https:\/\/ssbb.ch\/index.php\/wp-json\/wp\/v2\/users\/2"}],"replies":[{"embeddable":true,"href":"https:\/\/ssbb.ch\/index.php\/wp-json\/wp\/v2\/comments?post=15"}],"version-history":[{"count":8,"href":"https:\/\/ssbb.ch\/index.php\/wp-json\/wp\/v2\/pages\/15\/revisions"}],"predecessor-version":[{"id":65,"href":"https:\/\/ssbb.ch\/index.php\/wp-json\/wp\/v2\/pages\/15\/revisions\/65"}],"wp:attachment":[{"href":"https:\/\/ssbb.ch\/index.php\/wp-json\/wp\/v2\/media?parent=15"}],"curies":[{"name":"wp","href":"https:\/\/api.w.org\/{rel}","templated":true}]}}